{"id":1200,"date":"2021-11-26T15:10:15","date_gmt":"2021-11-26T14:10:15","guid":{"rendered":"https:\/\/hotelalfrantoio.it\/?page_id=1200"},"modified":"2022-04-01T09:45:46","modified_gmt":"2022-04-01T07:45:46","slug":"unsere-angebote","status":"publish","type":"page","link":"https:\/\/hotelalfrantoio.it\/de\/unsere-angebote\/","title":{"rendered":"Unsere Angebote"},"content":{"rendered":"<section class=\"l-section wpb_row us_custom_595a82c9 hide_on_tablets hide_on_mobiles height_medium with_shape\"><div class=\"l-section-shape type_wave pos_bottom\" style=\"height:10vh;\"><svg xmlns=\"http:\/\/www.w3.org\/2000\/svg\" viewBox=\"0 4 64 4\" preserveAspectRatio=\"none\" width=\"100%\" height=\"100%\">\r\n\t<path fill=\"currentColor\" d=\"M64 6 C32 0 32 12 0 6 L0 8 L64 8 Z\"\/>\r\n<\/svg><\/div><div class=\"l-section-h i-cf\"><div class=\"g-cols vc_row via_grid cols_1 laptops-cols_inherit tablets-cols_inherit mobiles-cols_1 valign_top type_default stacking_default\"><div class=\"wpb_column vc_column_container us_custom_de366d1c us_animate_this\"><div class=\"vc_column-inner\"><div class=\"w-separator size_small\"><\/div><div class=\"wpb_text_column\"><div class=\"wpb_wrapper\"><h1>Unsere <span class=\"giallo\">Angebote<\/span><\/h1>\n<\/div><\/div><div class=\"wpb_text_column\"><div class=\"wpb_wrapper\"><h3>SPEZIELLE ANGEBOTE F\u00dcR BUCHUNG AUF DIESER WEBSITE VORBEHALTEN<\/h3>\n<\/div><\/div><div class=\"w-separator size_huge\"><\/div><\/div><\/div><\/div><\/div><\/section><section class=\"l-section wpb_row us_custom_595a82c9 hide_on_default hide_on_laptops height_medium\"><div class=\"l-section-h i-cf\"><div class=\"g-cols vc_row via_grid cols_1 laptops-cols_inherit tablets-cols_inherit mobiles-cols_1 valign_middle type_default stacking_default\"><div class=\"wpb_column vc_column_container\"><div class=\"vc_column-inner\"><div class=\"w-separator size_huge\"><\/div><div class=\"wpb_text_column\"><div class=\"wpb_wrapper\"><h1>Unsere <span class=\"giallo\">Angebote<\/span><\/h1>\n<\/div><\/div><div class=\"wpb_text_column\"><div class=\"wpb_wrapper\"><h3>SPEZIELLE ANGEBOTE F\u00dcR BUCHUNG AUF DIESER WEBSITE VORBEHALTEN<\/h3>\n<\/div><\/div><\/div><\/div><\/div><\/div><\/section><section class=\"l-section wpb_row height_medium\"><div class=\"l-section-h i-cf\"><div class=\"g-cols vc_row via_grid cols_1 laptops-cols_inherit tablets-cols_inherit mobiles-cols_1 valign_top type_default stacking_default\"><div class=\"wpb_column vc_column_container\"><div class=\"vc_column-inner\"><div class=\"w-grid type_grid layout_1265 cols_3 overflow_hidden\" id=\"us_grid_1\" style=\"--columns:3;--gap:1.5rem;\" data-filterable=\"true\"><style>@media (max-width:1024px){#us_grid_1{--columns:2!important}}@media (max-width:600px){#us_grid_1{--columns:1!important}}.layout_1265 .w-grid-item-h{background:var(--color-content-bg);color:var(--color-content-text);border-radius:0.3rem;box-shadow:0 0.03rem 0.06rem rgba(0,0,0,0.1),0 0.1rem 0.3rem rgba(0,0,0,0.1);transition-duration:0.3s}.no-touch .layout_1265 .w-grid-item-h:hover{box-shadow:0 0.1rem 0.2rem rgba(0,0,0,0.1),0 0.33rem 1rem rgba(0,0,0,0.15);z-index:4}.layout_1265 .usg_post_title_1{font-size:1.4rem!important;font-weight:700!important}.layout_1265 .usg_vwrapper_1{padding:9% 11% 11% 11%!important}.layout_1265 .usg_post_taxonomy_1{font-weight:700!important;text-transform:uppercase!important;font-size:10px!important;position:absolute!important;left:1.2rem!important;top:1.2rem!important;right:1.2rem!important}.layout_1265 .usg_post_custom_field_1{color:var(--color-content-primary)!important;font-weight:500!important;margin-bottom:5px!important}.layout_1265 .usg_post_custom_field_2{font-size:0.95rem!important;line-height:1.45em!important;margin-top:5px!important}.layout_1265 .usg_html_1{margin-top:5px!important;margin-bottom:5px!important}.layout_1265 .usg_btn_1{text-align:right!important}@media (max-width:600px){.layout_1265 .usg_post_title_1{font-size:1.2rem!important}}<\/style><div class=\"w-grid-list\">\t<article class=\"w-grid-item size_1x1 post-1895 offerta type-offerta status-publish has-post-thumbnail hentry offerte-angebote\" data-id=\"1895\">\r\n\t\t<div class=\"w-grid-item-h\">\r\n\t\t\t\t\t\t\t<a href=\"https:\/\/hotelalfrantoio.it\/de\/offerta\/angebot-mit-10-rabatt\/\" class=\"w-grid-item-anchor\" aria-label=\"Angebot mit -10 % Rabatt\"><\/a>\r\n\t\t\t\t\t\t<div class=\"w-post-elm post_image usg_post_image_1 has_ratio\"><img loading=\"lazy\" decoding=\"async\" width=\"1920\" height=\"1080\" src=\"https:\/\/hotelalfrantoio.it\/wp-content\/uploads\/2024\/07\/OND09779-1920x1080.jpg\" class=\"attachment-us_1920_1080_crop size-us_1920_1080_crop wp-post-image\" alt=\"\" \/><div style=\"padding-bottom:66.6667%\"><\/div><\/div><div class=\"w-post-elm post_taxonomy usg_post_taxonomy_1 style_badge color_link_inherit\"><span class=\"w-btn us-btn-style_badge term-22 term-angebote\"><span class=\"w-btn-label\">Angebote<\/span><\/span><\/div><div class=\"w-vwrapper usg_vwrapper_1 align_none valign_top\"><h2 class=\"w-post-elm post_title usg_post_title_1 entry-title color_link_inherit\">Angebot mit -10 % Rabatt<\/h2><div class=\"w-post-elm post_custom_field usg_post_custom_field_1 has_text_color type_text sottotitolo color_link_inherit\"><span class=\"w-post-elm-value\">ist nicht r\u00fcckzahlbar und\/oder \u00e4nderbar.<\/span><\/div><div class=\"w-html usg_html_1\"><hr><\/div><div class=\"w-post-elm post_custom_field usg_post_custom_field_2 type_text testo_intro color_link_inherit\"><p>G\u00fcltig f\u00fcr Reservierungen mindestens 7 Tage vor dem Ankunftsdatum.<\/p>\n<\/div><button tabindex=\"-1\" class=\"w-btn us-btn-style_9 usg_btn_1 icon_atright\"><span class=\"w-btn-label\">Gehen Sie zum Angebot<\/span><i class=\"fal fa-long-arrow-right\"><\/i><\/button><\/div>\t\t<\/div>\r\n\t\t\t<\/article>\r\n\t<article class=\"w-grid-item size_1x1 post-1316 offerta type-offerta status-publish has-post-thumbnail hentry offerte-angebote\" data-id=\"1316\">\r\n\t\t<div class=\"w-grid-item-h\">\r\n\t\t\t\t\t\t\t<a href=\"https:\/\/hotelalfrantoio.it\/de\/offerta\/offizielle-preise\/\" class=\"w-grid-item-anchor\" aria-label=\"Offizielle Preise\"><\/a>\r\n\t\t\t\t\t\t<div class=\"w-post-elm post_image usg_post_image_1 has_ratio\"><img loading=\"lazy\" decoding=\"async\" width=\"1920\" height=\"1080\" src=\"https:\/\/hotelalfrantoio.it\/wp-content\/uploads\/2024\/07\/OND09598-1920x1080.jpg\" class=\"attachment-us_1920_1080_crop size-us_1920_1080_crop wp-post-image\" alt=\"\" \/><div style=\"padding-bottom:66.6667%\"><\/div><\/div><div class=\"w-post-elm post_taxonomy usg_post_taxonomy_1 style_badge color_link_inherit\"><span class=\"w-btn us-btn-style_badge term-22 term-angebote\"><span class=\"w-btn-label\">Angebote<\/span><\/span><\/div><div class=\"w-vwrapper usg_vwrapper_1 align_none valign_top\"><h2 class=\"w-post-elm post_title usg_post_title_1 entry-title color_link_inherit\">Offizielle Preise<\/h2><div class=\"w-post-elm post_custom_field usg_post_custom_field_1 has_text_color type_text sottotitolo color_link_inherit\"><span class=\"w-post-elm-value\">5% Rabatt<\/span><\/div><div class=\"w-html usg_html_1\"><hr><\/div><div class=\"w-post-elm post_custom_field usg_post_custom_field_2 type_text testo_intro color_link_inherit\"><p>5% Rabatt im Vergleich zu anderen Online-Buchungsdiensten.<\/p>\n<p>Sie k\u00f6nnen Ihre Reservierung bis zu 7 Tage vor dem Ankunftsdatum kostenlos stornieren. Im Falle einer Stornierung wandeln wir den Betrag in einen Gutschein um.<\/p>\n<\/div><button tabindex=\"-1\" class=\"w-btn us-btn-style_9 usg_btn_1 icon_atright\"><span class=\"w-btn-label\">Gehen Sie zum Angebot<\/span><i class=\"fal fa-long-arrow-right\"><\/i><\/button><\/div>\t\t<\/div>\r\n\t\t\t<\/article>\r\n\t<article class=\"w-grid-item size_1x1 post-1312 offerta type-offerta status-publish has-post-thumbnail hentry offerte-angebote\" data-id=\"1312\">\r\n\t\t<div class=\"w-grid-item-h\">\r\n\t\t\t\t\t\t\t<a href=\"https:\/\/hotelalfrantoio.it\/de\/offerta\/be-safe-rate\/\" class=\"w-grid-item-anchor\" aria-label=\"Be Safe Rate\"><\/a>\r\n\t\t\t\t\t\t<div class=\"w-post-elm post_image usg_post_image_1 has_ratio\"><img loading=\"lazy\" decoding=\"async\" width=\"1920\" height=\"1080\" src=\"https:\/\/hotelalfrantoio.it\/wp-content\/uploads\/2023\/02\/BeSafe-Rate-A-2.jpg\" class=\"attachment-us_1920_1080_crop size-us_1920_1080_crop wp-post-image\" alt=\"\" \/><div style=\"padding-bottom:66.6667%\"><\/div><\/div><div class=\"w-post-elm post_taxonomy usg_post_taxonomy_1 style_badge color_link_inherit\"><span class=\"w-btn us-btn-style_badge term-22 term-angebote\"><span class=\"w-btn-label\">Angebote<\/span><\/span><\/div><div class=\"w-vwrapper usg_vwrapper_1 align_none valign_top\"><h2 class=\"w-post-elm post_title usg_post_title_1 entry-title color_link_inherit\">Be Safe Rate<\/h2><div class=\"w-post-elm post_custom_field usg_post_custom_field_1 has_text_color type_text sottotitolo color_link_inherit\"><span class=\"w-post-elm-value\">Das versicherte Angebot<\/span><\/div><div class=\"w-html usg_html_1\"><hr><\/div><div class=\"w-post-elm post_custom_field usg_post_custom_field_2 type_text testo_intro color_link_inherit\"><p>Versichertes Angebot .<br \/>\nG\u00fcltig f\u00fcr Reservierungen mindestens 5 Tage vor dem Ankunftsdatum<\/p>\n<\/div><button tabindex=\"-1\" class=\"w-btn us-btn-style_9 usg_btn_1 icon_atright\"><span class=\"w-btn-label\">Gehen Sie zum Angebot<\/span><i class=\"fal fa-long-arrow-right\"><\/i><\/button><\/div>\t\t<\/div>\r\n\t\t\t<\/article>\r\n<\/div><div class=\"w-grid-preloader\">\t<div class=\"g-preloader type_1\">\r\n\t\t<div><\/div>\r\n\t<\/div>\r\n\t<\/div>\t<div class=\"w-grid-json hidden\" onclick='return {&quot;action&quot;:&quot;us_ajax_grid&quot;,&quot;infinite_scroll&quot;:0,&quot;max_num_pages&quot;:1,&quot;pagination&quot;:&quot;none&quot;,&quot;template_vars&quot;:{&quot;columns&quot;:&quot;3&quot;,&quot;exclude_items&quot;:&quot;none&quot;,&quot;img_size&quot;:&quot;default&quot;,&quot;ignore_items_size&quot;:0,&quot;items_layout&quot;:&quot;1265&quot;,&quot;items_offset&quot;:&quot;1&quot;,&quot;load_animation&quot;:&quot;none&quot;,&quot;overriding_link&quot;:&quot;%7B%22type%22%3A%22post%22%7D&quot;,&quot;post_id&quot;:0,&quot;query_args&quot;:{&quot;post_type&quot;:[&quot;offerta&quot;],&quot;tax_query&quot;:[{&quot;taxonomy&quot;:&quot;offerte&quot;,&quot;field&quot;:&quot;slug&quot;,&quot;terms&quot;:[&quot;angebote&quot;]}],&quot;post_status&quot;:[&quot;publish&quot;,&quot;acf-disabled&quot;,&quot;mapped&quot;,&quot;needs_update&quot;],&quot;posts_per_page&quot;:&quot;100&quot;},&quot;orderby_query_args&quot;:{&quot;orderby&quot;:{&quot;date&quot;:&quot;DESC&quot;}},&quot;type&quot;:&quot;grid&quot;,&quot;us_grid_post_type&quot;:&quot;offerta&quot;,&quot;us_grid_ajax_index&quot;:1,&quot;us_grid_filter_query_string&quot;:null,&quot;us_grid_index&quot;:1,&quot;page_args&quot;:[],&quot;lang&quot;:&quot;de&quot;}}'><\/div>\r\n\t<\/div><\/div><\/div><\/div><\/div><\/section><section class=\"l-section wpb_row linea-verticale height_small\"><div class=\"l-section-h i-cf\"><div class=\"g-cols vc_row via_grid cols_1-5 laptops-cols_inherit tablets-cols_inherit mobiles-cols_1 valign_top type_default stacking_default\"><div class=\"wpb_column vc_column_container linea-vert-giallo\"><div class=\"vc_column-inner\"><\/div><\/div><div class=\"wpb_column vc_column_container\"><div class=\"vc_column-inner\"><div class=\"wpb_text_column\"><div class=\"wpb_wrapper\"><h2>Gutschein f\u00fcr einen unverge\u00dflicher Urlaub<\/h2>\n<\/div><\/div><div class=\"wpb_text_column\"><div class=\"wpb_wrapper\"><p><strong> Eine alternative Geschenksidee <\/strong><br \/>\nMachen Sie eine angenehme \u00dcberraschung an diejenigen die Sie lieb haben mit einem Gutschein f\u00fcr einen w\u00fcndersch\u00f6nen Urlaub.<br \/>\nF\u00fcllen Sie das Formular aus und erhalten Sie den Gutschein<\/p>\n<\/div><\/div><\/div><\/div><\/div><\/div><\/section><section class=\"l-section wpb_row height_medium\"><div class=\"l-section-h i-cf\"><div class=\"g-cols vc_row via_grid cols_1 laptops-cols_inherit tablets-cols_inherit mobiles-cols_1 valign_top type_default stacking_default\"><div class=\"wpb_column vc_column_container\"><div class=\"vc_column-inner\">[vc_raw_html]JTVCY29udGFjdC1mb3JtLTclMjBpZCUzRCUyMjEyODAlMjIlMjB0aXRsZSUzRCUyMkJ1b25vJTIwcmVnYWxvJTIwREVVJTIyJTIwaHRtbF9pZCUzRCUyMmNmN19mb3JtJTIyJTVE[\/vc_raw_html]<\/div><\/div><\/div><\/div><\/section>\n","protected":false},"excerpt":{"rendered":"Das revolution\u00e4re Angebot, mit dem Sie Geld sparen k\u00f6nnen und die Ihnen und Ihrer Familie viele Vorteile bietet. Tats\u00e4chlich beinhaltet die Buchung eine Reiseversicherung ohne zus\u00e4tzliche Kosten, die Gesundheitsversorgung, Deckung f\u00fcr Stornierungen aufgrund unvorhergesehener Umst\u00e4nde, Diebstahl und viel mehr bietet. Sehen Sie hier die Be-Safe Pr\u00e4sentation an Sehen Sie hier das Versicherungsdeckung-File an","protected":false},"author":1,"featured_media":0,"parent":0,"menu_order":0,"comment_status":"closed","ping_status":"closed","template":"","meta":{"_acf_changed":false,"inline_featured_image":false,"footnotes":""},"class_list":["post-1200","page","type-page","status-publish","hentry"],"acf":[],"yoast_head":"<!-- This site is optimized with the Yoast SEO plugin v27.5 - https:\/\/yoast.com\/product\/yoast-seo-wordpress\/ -->\n<title>Unsere Angebote - Hotel Al Frantoio Arco di Trento<\/title>\n<meta name=\"description\" content=\"Al Frantoio ist ein 3-Sterne-Hotel in Arco di Trento, nur 5 Minuten von Riva del Garda entfernt. Es verf\u00fcgt \u00fcber einen Garten mit Swimmingpool und einen Wellnessbereich\" \/>\n<meta name=\"robots\" content=\"index, follow, max-snippet:-1, max-image-preview:large, max-video-preview:-1\" \/>\n<link rel=\"canonical\" href=\"https:\/\/garnialfrantoio.it\/de\/unsere-angebote\/\" \/>\n<meta property=\"og:locale\" content=\"de_DE\" \/>\n<meta property=\"og:type\" content=\"article\" \/>\n<meta property=\"og:title\" content=\"Unsere Angebote - Hotel Al Frantoio Arco di Trento\" \/>\n<meta property=\"og:description\" content=\"Al Frantoio ist ein 3-Sterne-Hotel in Arco di Trento, nur 5 Minuten von Riva del Garda entfernt. Es verf\u00fcgt \u00fcber einen Garten mit Swimmingpool und einen Wellnessbereich\" \/>\n<meta property=\"og:url\" content=\"https:\/\/garnialfrantoio.it\/de\/unsere-angebote\/\" \/>\n<meta property=\"og:site_name\" content=\"Hotel Al Frantoio Arco di Trento\" \/>\n<meta property=\"article:publisher\" content=\"https:\/\/www.facebook.com\/hotelgarnialfrantoio\" \/>\n<meta property=\"article:modified_time\" content=\"2022-04-01T07:45:46+00:00\" \/>\n<meta name=\"twitter:card\" content=\"summary_large_image\" \/>\n<meta name=\"twitter:label1\" content=\"Gesch\u00e4tzte Lesezeit\" \/>\n\t<meta name=\"twitter:data1\" content=\"1 minute\" \/>\n<script type=\"application\/ld+json\" class=\"yoast-schema-graph\">{\"@context\":\"https:\\\/\\\/schema.org\",\"@graph\":[{\"@type\":\"WebPage\",\"@id\":\"https:\\\/\\\/garnialfrantoio.it\\\/de\\\/unsere-angebote\\\/\",\"url\":\"https:\\\/\\\/garnialfrantoio.it\\\/de\\\/unsere-angebote\\\/\",\"name\":\"Unsere Angebote - Hotel Al Frantoio Arco di Trento\",\"isPartOf\":{\"@id\":\"https:\\\/\\\/garnialfrantoio.it\\\/#website\"},\"datePublished\":\"2021-11-26T14:10:15+00:00\",\"dateModified\":\"2022-04-01T07:45:46+00:00\",\"description\":\"Al Frantoio ist ein 3-Sterne-Hotel in Arco di Trento, nur 5 Minuten von Riva del Garda entfernt. Es verf\u00fcgt \u00fcber einen Garten mit Swimmingpool und einen Wellnessbereich\",\"breadcrumb\":{\"@id\":\"https:\\\/\\\/garnialfrantoio.it\\\/de\\\/unsere-angebote\\\/#breadcrumb\"},\"inLanguage\":\"de-DE\",\"potentialAction\":[{\"@type\":\"ReadAction\",\"target\":[\"https:\\\/\\\/garnialfrantoio.it\\\/de\\\/unsere-angebote\\\/\"]}]},{\"@type\":\"BreadcrumbList\",\"@id\":\"https:\\\/\\\/garnialfrantoio.it\\\/de\\\/unsere-angebote\\\/#breadcrumb\",\"itemListElement\":[{\"@type\":\"ListItem\",\"position\":1,\"name\":\"Home\",\"item\":\"https:\\\/\\\/hotelalfrantoio.it\\\/de\\\/\"},{\"@type\":\"ListItem\",\"position\":2,\"name\":\"Unsere Angebote\"}]},{\"@type\":\"WebSite\",\"@id\":\"https:\\\/\\\/garnialfrantoio.it\\\/#website\",\"url\":\"https:\\\/\\\/garnialfrantoio.it\\\/\",\"name\":\"Hotel Al Frantoio Arco di Trento\",\"description\":\"Hotel Al Frantoio Arco di Trento\",\"publisher\":{\"@id\":\"https:\\\/\\\/garnialfrantoio.it\\\/#organization\"},\"potentialAction\":[{\"@type\":\"SearchAction\",\"target\":{\"@type\":\"EntryPoint\",\"urlTemplate\":\"https:\\\/\\\/garnialfrantoio.it\\\/?s={search_term_string}\"},\"query-input\":{\"@type\":\"PropertyValueSpecification\",\"valueRequired\":true,\"valueName\":\"search_term_string\"}}],\"inLanguage\":\"de-DE\"},{\"@type\":\"Organization\",\"@id\":\"https:\\\/\\\/garnialfrantoio.it\\\/#organization\",\"name\":\"Hotel Al Frantoio Arco di Trento\",\"url\":\"https:\\\/\\\/garnialfrantoio.it\\\/\",\"logo\":{\"@type\":\"ImageObject\",\"inLanguage\":\"de-DE\",\"@id\":\"https:\\\/\\\/garnialfrantoio.it\\\/#\\\/schema\\\/logo\\\/image\\\/\",\"url\":\"https:\\\/\\\/hotelalfrantoio.it\\\/wp-content\\\/uploads\\\/2021\\\/11\\\/logo-footer-1.svg\",\"contentUrl\":\"https:\\\/\\\/hotelalfrantoio.it\\\/wp-content\\\/uploads\\\/2021\\\/11\\\/logo-footer-1.svg\",\"width\":\"1024\",\"height\":\"1024\",\"caption\":\"Hotel Al Frantoio Arco di Trento\"},\"image\":{\"@id\":\"https:\\\/\\\/garnialfrantoio.it\\\/#\\\/schema\\\/logo\\\/image\\\/\"},\"sameAs\":[\"https:\\\/\\\/www.facebook.com\\\/hotelgarnialfrantoio\",\"https:\\\/\\\/www.instagram.com\\\/hotelgarnialfrantoio\\\/\"]}]}<\/script>\n<!-- \/ Yoast SEO plugin. -->","yoast_head_json":{"title":"Unsere Angebote - Hotel Al Frantoio Arco di Trento","description":"Al Frantoio ist ein 3-Sterne-Hotel in Arco di Trento, nur 5 Minuten von Riva del Garda entfernt. Es verf\u00fcgt \u00fcber einen Garten mit Swimmingpool und einen Wellnessbereich","robots":{"index":"index","follow":"follow","max-snippet":"max-snippet:-1","max-image-preview":"max-image-preview:large","max-video-preview":"max-video-preview:-1"},"canonical":"https:\/\/garnialfrantoio.it\/de\/unsere-angebote\/","og_locale":"de_DE","og_type":"article","og_title":"Unsere Angebote - Hotel Al Frantoio Arco di Trento","og_description":"Al Frantoio ist ein 3-Sterne-Hotel in Arco di Trento, nur 5 Minuten von Riva del Garda entfernt. Es verf\u00fcgt \u00fcber einen Garten mit Swimmingpool und einen Wellnessbereich","og_url":"https:\/\/garnialfrantoio.it\/de\/unsere-angebote\/","og_site_name":"Hotel Al Frantoio Arco di Trento","article_publisher":"https:\/\/www.facebook.com\/hotelgarnialfrantoio","article_modified_time":"2022-04-01T07:45:46+00:00","twitter_card":"summary_large_image","twitter_misc":{"Gesch\u00e4tzte Lesezeit":"1 minute"},"schema":{"@context":"https:\/\/schema.org","@graph":[{"@type":"WebPage","@id":"https:\/\/garnialfrantoio.it\/de\/unsere-angebote\/","url":"https:\/\/garnialfrantoio.it\/de\/unsere-angebote\/","name":"Unsere Angebote - Hotel Al Frantoio Arco di Trento","isPartOf":{"@id":"https:\/\/garnialfrantoio.it\/#website"},"datePublished":"2021-11-26T14:10:15+00:00","dateModified":"2022-04-01T07:45:46+00:00","description":"Al Frantoio ist ein 3-Sterne-Hotel in Arco di Trento, nur 5 Minuten von Riva del Garda entfernt. Es verf\u00fcgt \u00fcber einen Garten mit Swimmingpool und einen Wellnessbereich","breadcrumb":{"@id":"https:\/\/garnialfrantoio.it\/de\/unsere-angebote\/#breadcrumb"},"inLanguage":"de-DE","potentialAction":[{"@type":"ReadAction","target":["https:\/\/garnialfrantoio.it\/de\/unsere-angebote\/"]}]},{"@type":"BreadcrumbList","@id":"https:\/\/garnialfrantoio.it\/de\/unsere-angebote\/#breadcrumb","itemListElement":[{"@type":"ListItem","position":1,"name":"Home","item":"https:\/\/hotelalfrantoio.it\/de\/"},{"@type":"ListItem","position":2,"name":"Unsere Angebote"}]},{"@type":"WebSite","@id":"https:\/\/garnialfrantoio.it\/#website","url":"https:\/\/garnialfrantoio.it\/","name":"Hotel Al Frantoio Arco di Trento","description":"Hotel Al Frantoio Arco di Trento","publisher":{"@id":"https:\/\/garnialfrantoio.it\/#organization"},"potentialAction":[{"@type":"SearchAction","target":{"@type":"EntryPoint","urlTemplate":"https:\/\/garnialfrantoio.it\/?s={search_term_string}"},"query-input":{"@type":"PropertyValueSpecification","valueRequired":true,"valueName":"search_term_string"}}],"inLanguage":"de-DE"},{"@type":"Organization","@id":"https:\/\/garnialfrantoio.it\/#organization","name":"Hotel Al Frantoio Arco di Trento","url":"https:\/\/garnialfrantoio.it\/","logo":{"@type":"ImageObject","inLanguage":"de-DE","@id":"https:\/\/garnialfrantoio.it\/#\/schema\/logo\/image\/","url":"https:\/\/hotelalfrantoio.it\/wp-content\/uploads\/2021\/11\/logo-footer-1.svg","contentUrl":"https:\/\/hotelalfrantoio.it\/wp-content\/uploads\/2021\/11\/logo-footer-1.svg","width":"1024","height":"1024","caption":"Hotel Al Frantoio Arco di Trento"},"image":{"@id":"https:\/\/garnialfrantoio.it\/#\/schema\/logo\/image\/"},"sameAs":["https:\/\/www.facebook.com\/hotelgarnialfrantoio","https:\/\/www.instagram.com\/hotelgarnialfrantoio\/"]}]}},"_links":{"self":[{"href":"https:\/\/hotelalfrantoio.it\/de\/wp-json\/wp\/v2\/pages\/1200","targetHints":{"allow":["GET"]}}],"collection":[{"href":"https:\/\/hotelalfrantoio.it\/de\/wp-json\/wp\/v2\/pages"}],"about":[{"href":"https:\/\/hotelalfrantoio.it\/de\/wp-json\/wp\/v2\/types\/page"}],"author":[{"embeddable":true,"href":"https:\/\/hotelalfrantoio.it\/de\/wp-json\/wp\/v2\/users\/1"}],"replies":[{"embeddable":true,"href":"https:\/\/hotelalfrantoio.it\/de\/wp-json\/wp\/v2\/comments?post=1200"}],"version-history":[{"count":4,"href":"https:\/\/hotelalfrantoio.it\/de\/wp-json\/wp\/v2\/pages\/1200\/revisions"}],"predecessor-version":[{"id":1494,"href":"https:\/\/hotelalfrantoio.it\/de\/wp-json\/wp\/v2\/pages\/1200\/revisions\/1494"}],"wp:attachment":[{"href":"https:\/\/hotelalfrantoio.it\/de\/wp-json\/wp\/v2\/media?parent=1200"}],"curies":[{"name":"wp","href":"https:\/\/api.w.org\/{rel}","templated":true}]}}