{"id":1191,"date":"2022-01-12T16:06:23","date_gmt":"2022-01-12T15:06:23","guid":{"rendered":"https:\/\/hotelalfrantoio.it\/?page_id=1191"},"modified":"2025-10-16T22:45:35","modified_gmt":"2025-10-16T20:45:35","slug":"trentino-guest-card","status":"publish","type":"page","link":"https:\/\/hotelalfrantoio.it\/de\/trentino-guest-card\/","title":{"rendered":"Garda Guest Card"},"content":{"rendered":"<section class=\"l-section wpb_row hide_on_tablets hide_on_mobiles height_medium full_height valign_bottom with_img with_shape\"><div class=\"l-section-img\" role=\"img\" aria-label=\"Image\" data-img-width=\"1920\" data-img-height=\"1080\" style=\"background-image: url(https:\/\/hotelalfrantoio.it\/wp-content\/uploads\/2024\/10\/download.webp);background-repeat: no-repeat;\"><\/div><div class=\"l-section-overlay\" style=\"background:linear-gradient(180deg,rgba(0,0,0,0.10),rgba(0,0,0,0.60))\"><\/div><div class=\"l-section-shape type_wave pos_bottom hor_flip\" style=\"height:15vmin;\"><svg xmlns=\"http:\/\/www.w3.org\/2000\/svg\" viewBox=\"0 4 64 4\" preserveAspectRatio=\"none\" width=\"100%\" height=\"100%\">\r\n\t<path fill=\"currentColor\" d=\"M64 6 C32 0 32 12 0 6 L0 8 L64 8 Z\"\/>\r\n<\/svg><\/div><div class=\"l-section-h i-cf\"><div class=\"g-cols vc_row via_grid cols_1 laptops-cols_inherit tablets-cols_inherit mobiles-cols_1 valign_bottom type_default stacking_default\"><div class=\"wpb_column vc_column_container us_custom_de366d1c us_animate_this\"><div class=\"vc_column-inner\"><div class=\"g-cols wpb_row via_grid cols_2-1 laptops-cols_inherit tablets-cols_inherit mobiles-cols_1 valign_top type_default stacking_default\" style=\"--columns-gap:3rem;\"><div class=\"wpb_column vc_column_container\"><div class=\"vc_column-inner\"><\/div><\/div><div class=\"wpb_column vc_column_container\"><div class=\"vc_column-inner\"><\/div><\/div><\/div><div class=\"w-separator size_medium\"><\/div><div class=\"wpb_text_column us_custom_7eb390f9 has_text_color\"><div class=\"wpb_wrapper\"><p>TRENTINO GUEST CARD<\/p>\n<\/div><\/div><div class=\"w-image us_custom_6217dcc9 align_right\"><div class=\"w-image-h\"><img decoding=\"async\" width=\"190\" height=\"10\" src=\"https:\/\/hotelalfrantoio.it\/wp-content\/uploads\/2021\/12\/linea-oriz-bianco.svg\" class=\"attachment-full size-full\" alt=\"\" loading=\"lazy\" \/><\/div><\/div><div class=\"w-separator size_medium\"><\/div><\/div><\/div><\/div><\/div><\/section><section class=\"l-section wpb_row hide_on_default hide_on_laptops height_medium full_height valign_bottom with_slider with_shape\"><div class=\"l-section-slider\"><div class=\"w-slider style_none fit_cover nav_none count_1\"><div class=\"w-slider-h\"><div class=\"royalSlider\"><div class=\"rsContent\"><a class=\"rsImg\" data-rsw=\"1920\" data-rsh=\"1080\" href=\"https:\/\/hotelalfrantoio.it\/wp-content\/uploads\/2024\/10\/download.webp\"><span data-alt=\"\"><\/span><\/a><\/div><\/div><img decoding=\"async\" src=\"https:\/\/hotelalfrantoio.it\/wp-content\/uploads\/2024\/10\/download.webp\" width=\"1920\" height=\"1080\" alt loading=\"lazy\"><\/div><div class=\"w-slider-json\" onclick='return {&quot;autoScaleSlider&quot;:true,&quot;addActiveClass&quot;:true,&quot;loop&quot;:true,&quot;fadeInLoadedSlide&quot;:false,&quot;slidesSpacing&quot;:0,&quot;imageScalePadding&quot;:0,&quot;numImagesToPreload&quot;:2,&quot;arrowsNav&quot;:false,&quot;arrowsNavAutoHide&quot;:false,&quot;transitionType&quot;:&quot;fade&quot;,&quot;transitionSpeed&quot;:1000,&quot;block&quot;:{&quot;moveEffect&quot;:&quot;none&quot;,&quot;speed&quot;:300},&quot;thumbs&quot;:{&quot;fitInViewport&quot;:false,&quot;firstMargin&quot;:false,&quot;spacing&quot;:4},&quot;controlNavigation&quot;:&quot;none&quot;,&quot;autoplay&quot;:{&quot;enabled&quot;:true,&quot;pauseOnHover&quot;:false,&quot;delay&quot;:3000},&quot;autoScaleSliderWidth&quot;:1920,&quot;autoScaleSliderHeight&quot;:1080}'><\/div><\/div><\/div><div class=\"l-section-overlay\" style=\"background:rgba(0,0,0,0.20)\"><\/div><div class=\"l-section-shape type_wave pos_bottom hor_flip\" style=\"height:5vh;\"><svg xmlns=\"http:\/\/www.w3.org\/2000\/svg\" viewBox=\"0 4 64 4\" preserveAspectRatio=\"none\" width=\"100%\" height=\"100%\">\r\n\t<path fill=\"currentColor\" d=\"M64 6 C32 0 32 12 0 6 L0 8 L64 8 Z\"\/>\r\n<\/svg><\/div><div class=\"l-section-h i-cf\"><div class=\"g-cols vc_row via_grid cols_1 laptops-cols_inherit tablets-cols_inherit mobiles-cols_1 valign_bottom type_default stacking_default\"><div class=\"wpb_column vc_column_container us_custom_de366d1c us_animate_this\"><div class=\"vc_column-inner\"><div class=\"wpb_text_column us_custom_7eb390f9 has_text_color\"><div class=\"wpb_wrapper\"><p>TRENTINO GUEST CARD<\/p>\n<\/div><\/div><div class=\"w-image us_custom_6217dcc9 i50 align_right\"><div class=\"w-image-h\"><img decoding=\"async\" width=\"190\" height=\"10\" src=\"https:\/\/hotelalfrantoio.it\/wp-content\/uploads\/2021\/12\/linea-oriz-bianco.svg\" class=\"attachment-full size-full\" alt=\"\" loading=\"lazy\" \/><\/div><\/div><\/div><\/div><\/div><\/div><\/section><section class=\"l-section wpb_row height_medium\"><div class=\"l-section-h i-cf\"><div class=\"g-cols vc_row via_grid cols_1 laptops-cols_inherit tablets-cols_inherit mobiles-cols_1 valign_top type_default stacking_default\"><div class=\"wpb_column vc_column_container\"><div class=\"vc_column-inner\"><div class=\"g-cols wpb_row us_custom_277718da via_grid cols_1 laptops-cols_inherit tablets-cols_inherit mobiles-cols_1 valign_top type_default stacking_default\" style=\"--columns-gap:3rem;\"><div class=\"wpb_column vc_column_container\"><div class=\"vc_column-inner\"><div class=\"wpb_text_column\"><div class=\"wpb_wrapper\"><h1>Garda Guest Card: viele Vorteile, kostenlos.<\/h1>\n<\/div><\/div><div class=\"wpb_text_column\"><div class=\"wpb_wrapper\"><h3>Sie fahren kostenlos mit allen provinziellen Verkehrsmittel durch das ganze Trentino reisen,\u2028und Sie k\u00f6nnen mehr als 70 Sehensw\u00fcrdigkeiten auch kostenlos besichtigen.<\/h3>\n<\/div><\/div><\/div><\/div><\/div><div class=\"w-separator size_medium\"><\/div><div class=\"g-cols wpb_row hide_on_tablets hide_on_mobiles via_grid cols_1-3 laptops-cols_inherit tablets-cols_inherit mobiles-cols_1 valign_top type_default stacking_default\" style=\"--columns-gap:3rem;\"><div class=\"wpb_column vc_column_container\"><div class=\"vc_column-inner\"><div class=\"w-separator size_custom with_line width_default thick_2 style_solid color_primary align_center\" style=\"height:10px\"><div class=\"w-separator-h\"><\/div><\/div><\/div><\/div><div class=\"wpb_column vc_column_container\"><div class=\"vc_column-inner\"><div class=\"wpb_text_column us_custom_432d3f53\"><div class=\"wpb_wrapper\"><p>Eine spezielle rewards Karte von Wert von 40 \u20ac, die ganz kostenlos allen unseren G\u00e4sten, die durch\u00a0diese Internetseite buchen, gegeben wird, als unser pers\u00f6nlicher Wilkommensgruss.<\/p>\n<p>Wer eine Garda Guest Karte besitzt, darf ganz frei mit allen provinziellen Verkehrsmitteln (Bushaltestelle vor dem Aparthotel) durch das ganze Trentino reisen, und mehr als 70 Sehensw\u00fcrdigkeiten auch kostenlos besichtigen.<\/p>\n<\/div><\/div><div class=\"w-separator size_small\"><\/div><div class=\"w-image align_none\"><a target=\"_blank\" href=\"https:\/\/www.gardatrentino.it\/de\/planen\/garda-guest-card\" aria-label=\"GG20230210_GuestCard_kit_banner_firma\" class=\"w-image-h\"><img decoding=\"async\" width=\"1024\" height=\"171\" src=\"https:\/\/hotelalfrantoio.it\/wp-content\/uploads\/2024\/10\/GG20230210_GuestCard_kit_banner_firma-1024x171.png\" class=\"attachment-large size-large\" alt=\"\" loading=\"lazy\" srcset=\"https:\/\/hotelalfrantoio.it\/wp-content\/uploads\/2024\/10\/GG20230210_GuestCard_kit_banner_firma-1024x171.png 1024w, https:\/\/hotelalfrantoio.it\/wp-content\/uploads\/2024\/10\/GG20230210_GuestCard_kit_banner_firma-300x50.png 300w\" sizes=\"auto, (max-width: 1024px) 100vw, 1024px\" \/><\/a><\/div><\/div><\/div><\/div><\/div><\/div><\/div><\/div><\/section><section class=\"l-section wpb_row us_custom_f4c48573 height_medium\"><div class=\"l-section-h i-cf\"><div class=\"g-cols vc_row via_grid cols_1 laptops-cols_inherit tablets-cols_inherit mobiles-cols_1 valign_top type_default stacking_default\"><div class=\"wpb_column vc_column_container\"><div class=\"vc_column-inner\"><div class=\"wpb_text_column us_custom_eb849559\"><div class=\"wpb_wrapper\"><h2><strong>Hier sind die 4 Top-Vorteile am Garda Trentino:<\/strong><\/h2>\n<\/div><\/div><div class=\"w-separator size_large with_line width_default thick_1 style_solid color_border align_center\"><div class=\"w-separator-h\"><\/div><\/div><div class=\"g-cols wpb_row via_grid cols_1 laptops-cols_inherit tablets-cols_inherit mobiles-cols_1 valign_top type_default stacking_default\" style=\"--columns-gap:3rem;\"><div class=\"wpb_column vc_column_container\"><div class=\"vc_column-inner\"><div class=\"wpb_text_column us_custom_432d3f53\"><div class=\"wpb_wrapper\"><p><strong>GARDA TRENTINO EXPERIENCE<\/strong>: lass dich von den Experience verf\u00fchren: so entdeckst du das ganze Gebiet des Garda Trentino am besten. Sammle unl\u00f6schliche Erinnerungen und mit deiner Card erh\u00e4ltst du sie zu einem Spezialpreis!<\/p>\n<p><strong>PANORAMA-SCHR\u00c4GAUFZUG: <\/strong>in nur 3 Minuten erreicht man die Bastione\u2026 und genie\u00dft einen umwerfenden Blick auf den Gardasee! Ein kostenloses Hin-\/Retour-Ticket f\u00fcr die Besichtigung einer der Top-Attraktionen von Riva del Garda.<\/p>\n<p><strong>NAVIGARDA: <\/strong>eine Bootstour, um den Gardasee mit ganz neuen Augen zu sehen. Und das Ticket gilt auch f\u00fcr dein Fahrrad!<\/p>\n<p><strong>\u00d6FFENTLICHER TRANSPORT<\/strong>: eine Card, die dich hinbringt, wo du m\u00f6chtest. Bewege dich frei mit dem Autobus im gesamten Trentino. (*Bushaltestelle gegen\u00fcber dem Aparthotel)<\/p>\n<\/div><\/div><\/div><\/div><\/div><\/div><\/div><\/div><\/div><\/section><section class=\"l-section wpb_row us_custom_c639b9c4 us_animate_this height_small\"><div class=\"l-section-h i-cf\"><div class=\"g-cols vc_row via_grid cols_1 laptops-cols_inherit tablets-cols_inherit mobiles-cols_1 valign_top type_default stacking_default\"><div class=\"wpb_column vc_column_container\"><div class=\"vc_column-inner\">[vc_raw_html]JTVCbW9kdWxhJTIwaWQlM0QlMjIzODMlMjIlNUQ=[\/vc_raw_html]<\/div><\/div><\/div><\/div><\/section>\n","protected":false},"excerpt":{"rendered":"TRENTINO GUEST CARD TRENTINO GUEST CARD Garda Guest Card: viele Vorteile, kostenlos. Sie fahren kostenlos mit allen provinziellen Verkehrsmittel durch das ganze Trentino reisen,\u2028und Sie k\u00f6nnen mehr als 70 Sehensw\u00fcrdigkeiten auch kostenlos besichtigen. Eine spezielle rewards Karte von Wert von 40 \u20ac, die ganz kostenlos allen unseren G\u00e4sten, die durch\u00a0diese Internetseite buchen, gegeben wird, als...","protected":false},"author":1,"featured_media":0,"parent":0,"menu_order":0,"comment_status":"closed","ping_status":"closed","template":"","meta":{"_acf_changed":false,"inline_featured_image":false,"footnotes":""},"class_list":["post-1191","page","type-page","status-publish","hentry"],"acf":[],"yoast_head":"<!-- This site is optimized with the Yoast SEO plugin v27.5 - https:\/\/yoast.com\/product\/yoast-seo-wordpress\/ -->\n<title>Trentino Guest Card - Hotel Al Frantoio -5%<\/title>\n<meta name=\"description\" content=\"Al Frantoio ist ein 3-Sterne-Hotel in Arco di Trento, nur 5 Minuten von Riva del Garda entfernt. Es verf\u00fcgt \u00fcber einen Garten mit Swimmingpool und einen Wellnessbereich\" \/>\n<meta name=\"robots\" content=\"index, follow, max-snippet:-1, max-image-preview:large, max-video-preview:-1\" \/>\n<link rel=\"canonical\" href=\"https:\/\/hotelalfrantoio.it\/de\/trentino-guest-card\/\" \/>\n<meta property=\"og:locale\" content=\"de_DE\" \/>\n<meta property=\"og:type\" content=\"article\" \/>\n<meta property=\"og:title\" content=\"Trentino Guest Card - Hotel Al Frantoio -5%\" \/>\n<meta property=\"og:description\" content=\"Al Frantoio ist ein 3-Sterne-Hotel in Arco di Trento, nur 5 Minuten von Riva del Garda entfernt. Es verf\u00fcgt \u00fcber einen Garten mit Swimmingpool und einen Wellnessbereich\" \/>\n<meta property=\"og:url\" content=\"https:\/\/hotelalfrantoio.it\/de\/trentino-guest-card\/\" \/>\n<meta property=\"og:site_name\" content=\"Hotel Al Frantoio Arco di Trento\" \/>\n<meta property=\"article:publisher\" content=\"https:\/\/www.facebook.com\/hotelgarnialfrantoio\" \/>\n<meta property=\"article:modified_time\" content=\"2025-10-16T20:45:35+00:00\" \/>\n<meta name=\"twitter:card\" content=\"summary_large_image\" \/>\n<meta name=\"twitter:label1\" content=\"Gesch\u00e4tzte Lesezeit\" \/>\n\t<meta name=\"twitter:data1\" content=\"2 minutes\" \/>\n<script type=\"application\/ld+json\" class=\"yoast-schema-graph\">{\"@context\":\"https:\\\/\\\/schema.org\",\"@graph\":[{\"@type\":\"WebPage\",\"@id\":\"https:\\\/\\\/hotelalfrantoio.it\\\/de\\\/trentino-guest-card\\\/\",\"url\":\"https:\\\/\\\/hotelalfrantoio.it\\\/de\\\/trentino-guest-card\\\/\",\"name\":\"Trentino Guest Card - Hotel Al Frantoio -5%\",\"isPartOf\":{\"@id\":\"https:\\\/\\\/garnialfrantoio.it\\\/#website\"},\"datePublished\":\"2022-01-12T15:06:23+00:00\",\"dateModified\":\"2025-10-16T20:45:35+00:00\",\"description\":\"Al Frantoio ist ein 3-Sterne-Hotel in Arco di Trento, nur 5 Minuten von Riva del Garda entfernt. Es verf\u00fcgt \u00fcber einen Garten mit Swimmingpool und einen Wellnessbereich\",\"breadcrumb\":{\"@id\":\"https:\\\/\\\/hotelalfrantoio.it\\\/de\\\/trentino-guest-card\\\/#breadcrumb\"},\"inLanguage\":\"de-DE\",\"potentialAction\":[{\"@type\":\"ReadAction\",\"target\":[\"https:\\\/\\\/hotelalfrantoio.it\\\/de\\\/trentino-guest-card\\\/\"]}]},{\"@type\":\"BreadcrumbList\",\"@id\":\"https:\\\/\\\/hotelalfrantoio.it\\\/de\\\/trentino-guest-card\\\/#breadcrumb\",\"itemListElement\":[{\"@type\":\"ListItem\",\"position\":1,\"name\":\"Home\",\"item\":\"https:\\\/\\\/hotelalfrantoio.it\\\/de\\\/\"},{\"@type\":\"ListItem\",\"position\":2,\"name\":\"Garda Guest Card\"}]},{\"@type\":\"WebSite\",\"@id\":\"https:\\\/\\\/garnialfrantoio.it\\\/#website\",\"url\":\"https:\\\/\\\/garnialfrantoio.it\\\/\",\"name\":\"Hotel Al Frantoio Arco di Trento\",\"description\":\"Hotel Al Frantoio Arco di Trento\",\"publisher\":{\"@id\":\"https:\\\/\\\/garnialfrantoio.it\\\/#organization\"},\"potentialAction\":[{\"@type\":\"SearchAction\",\"target\":{\"@type\":\"EntryPoint\",\"urlTemplate\":\"https:\\\/\\\/garnialfrantoio.it\\\/?s={search_term_string}\"},\"query-input\":{\"@type\":\"PropertyValueSpecification\",\"valueRequired\":true,\"valueName\":\"search_term_string\"}}],\"inLanguage\":\"de-DE\"},{\"@type\":\"Organization\",\"@id\":\"https:\\\/\\\/garnialfrantoio.it\\\/#organization\",\"name\":\"Hotel Al Frantoio Arco di Trento\",\"url\":\"https:\\\/\\\/garnialfrantoio.it\\\/\",\"logo\":{\"@type\":\"ImageObject\",\"inLanguage\":\"de-DE\",\"@id\":\"https:\\\/\\\/garnialfrantoio.it\\\/#\\\/schema\\\/logo\\\/image\\\/\",\"url\":\"https:\\\/\\\/hotelalfrantoio.it\\\/wp-content\\\/uploads\\\/2021\\\/11\\\/logo-footer-1.svg\",\"contentUrl\":\"https:\\\/\\\/hotelalfrantoio.it\\\/wp-content\\\/uploads\\\/2021\\\/11\\\/logo-footer-1.svg\",\"width\":\"1024\",\"height\":\"1024\",\"caption\":\"Hotel Al Frantoio Arco di Trento\"},\"image\":{\"@id\":\"https:\\\/\\\/garnialfrantoio.it\\\/#\\\/schema\\\/logo\\\/image\\\/\"},\"sameAs\":[\"https:\\\/\\\/www.facebook.com\\\/hotelgarnialfrantoio\",\"https:\\\/\\\/www.instagram.com\\\/hotelgarnialfrantoio\\\/\"]}]}<\/script>\n<!-- \/ Yoast SEO plugin. -->","yoast_head_json":{"title":"Trentino Guest Card - Hotel Al Frantoio -5%","description":"Al Frantoio ist ein 3-Sterne-Hotel in Arco di Trento, nur 5 Minuten von Riva del Garda entfernt. Es verf\u00fcgt \u00fcber einen Garten mit Swimmingpool und einen Wellnessbereich","robots":{"index":"index","follow":"follow","max-snippet":"max-snippet:-1","max-image-preview":"max-image-preview:large","max-video-preview":"max-video-preview:-1"},"canonical":"https:\/\/hotelalfrantoio.it\/de\/trentino-guest-card\/","og_locale":"de_DE","og_type":"article","og_title":"Trentino Guest Card - Hotel Al Frantoio -5%","og_description":"Al Frantoio ist ein 3-Sterne-Hotel in Arco di Trento, nur 5 Minuten von Riva del Garda entfernt. Es verf\u00fcgt \u00fcber einen Garten mit Swimmingpool und einen Wellnessbereich","og_url":"https:\/\/hotelalfrantoio.it\/de\/trentino-guest-card\/","og_site_name":"Hotel Al Frantoio Arco di Trento","article_publisher":"https:\/\/www.facebook.com\/hotelgarnialfrantoio","article_modified_time":"2025-10-16T20:45:35+00:00","twitter_card":"summary_large_image","twitter_misc":{"Gesch\u00e4tzte Lesezeit":"2 minutes"},"schema":{"@context":"https:\/\/schema.org","@graph":[{"@type":"WebPage","@id":"https:\/\/hotelalfrantoio.it\/de\/trentino-guest-card\/","url":"https:\/\/hotelalfrantoio.it\/de\/trentino-guest-card\/","name":"Trentino Guest Card - Hotel Al Frantoio -5%","isPartOf":{"@id":"https:\/\/garnialfrantoio.it\/#website"},"datePublished":"2022-01-12T15:06:23+00:00","dateModified":"2025-10-16T20:45:35+00:00","description":"Al Frantoio ist ein 3-Sterne-Hotel in Arco di Trento, nur 5 Minuten von Riva del Garda entfernt. Es verf\u00fcgt \u00fcber einen Garten mit Swimmingpool und einen Wellnessbereich","breadcrumb":{"@id":"https:\/\/hotelalfrantoio.it\/de\/trentino-guest-card\/#breadcrumb"},"inLanguage":"de-DE","potentialAction":[{"@type":"ReadAction","target":["https:\/\/hotelalfrantoio.it\/de\/trentino-guest-card\/"]}]},{"@type":"BreadcrumbList","@id":"https:\/\/hotelalfrantoio.it\/de\/trentino-guest-card\/#breadcrumb","itemListElement":[{"@type":"ListItem","position":1,"name":"Home","item":"https:\/\/hotelalfrantoio.it\/de\/"},{"@type":"ListItem","position":2,"name":"Garda Guest Card"}]},{"@type":"WebSite","@id":"https:\/\/garnialfrantoio.it\/#website","url":"https:\/\/garnialfrantoio.it\/","name":"Hotel Al Frantoio Arco di Trento","description":"Hotel Al Frantoio Arco di Trento","publisher":{"@id":"https:\/\/garnialfrantoio.it\/#organization"},"potentialAction":[{"@type":"SearchAction","target":{"@type":"EntryPoint","urlTemplate":"https:\/\/garnialfrantoio.it\/?s={search_term_string}"},"query-input":{"@type":"PropertyValueSpecification","valueRequired":true,"valueName":"search_term_string"}}],"inLanguage":"de-DE"},{"@type":"Organization","@id":"https:\/\/garnialfrantoio.it\/#organization","name":"Hotel Al Frantoio Arco di Trento","url":"https:\/\/garnialfrantoio.it\/","logo":{"@type":"ImageObject","inLanguage":"de-DE","@id":"https:\/\/garnialfrantoio.it\/#\/schema\/logo\/image\/","url":"https:\/\/hotelalfrantoio.it\/wp-content\/uploads\/2021\/11\/logo-footer-1.svg","contentUrl":"https:\/\/hotelalfrantoio.it\/wp-content\/uploads\/2021\/11\/logo-footer-1.svg","width":"1024","height":"1024","caption":"Hotel Al Frantoio Arco di Trento"},"image":{"@id":"https:\/\/garnialfrantoio.it\/#\/schema\/logo\/image\/"},"sameAs":["https:\/\/www.facebook.com\/hotelgarnialfrantoio","https:\/\/www.instagram.com\/hotelgarnialfrantoio\/"]}]}},"_links":{"self":[{"href":"https:\/\/hotelalfrantoio.it\/de\/wp-json\/wp\/v2\/pages\/1191","targetHints":{"allow":["GET"]}}],"collection":[{"href":"https:\/\/hotelalfrantoio.it\/de\/wp-json\/wp\/v2\/pages"}],"about":[{"href":"https:\/\/hotelalfrantoio.it\/de\/wp-json\/wp\/v2\/types\/page"}],"author":[{"embeddable":true,"href":"https:\/\/hotelalfrantoio.it\/de\/wp-json\/wp\/v2\/users\/1"}],"replies":[{"embeddable":true,"href":"https:\/\/hotelalfrantoio.it\/de\/wp-json\/wp\/v2\/comments?post=1191"}],"version-history":[{"count":11,"href":"https:\/\/hotelalfrantoio.it\/de\/wp-json\/wp\/v2\/pages\/1191\/revisions"}],"predecessor-version":[{"id":2957,"href":"https:\/\/hotelalfrantoio.it\/de\/wp-json\/wp\/v2\/pages\/1191\/revisions\/2957"}],"wp:attachment":[{"href":"https:\/\/hotelalfrantoio.it\/de\/wp-json\/wp\/v2\/media?parent=1191"}],"curies":[{"name":"wp","href":"https:\/\/api.w.org\/{rel}","templated":true}]}}