{"id":1155,"date":"2021-11-26T15:10:36","date_gmt":"2021-11-26T14:10:36","guid":{"rendered":"https:\/\/hotelalfrantoio.it\/?page_id=1155"},"modified":"2025-05-13T09:27:02","modified_gmt":"2025-05-13T07:27:02","slug":"bereich-wellness","status":"publish","type":"page","link":"https:\/\/hotelalfrantoio.it\/de\/bereich-wellness\/","title":{"rendered":"Bereich Wellness"},"content":{"rendered":"<section class=\"l-section wpb_row hide_on_tablets hide_on_mobiles height_medium full_height valign_bottom with_slider with_shape\"><div class=\"l-section-slider\"><div class=\"w-slider style_none fit_cover nav_none count_3\"><div class=\"w-slider-h\"><div class=\"royalSlider\"><div class=\"rsContent\"><a class=\"rsImg\" data-rsw=\"1920\" data-rsh=\"1281\" href=\"https:\/\/hotelalfrantoio.it\/wp-content\/uploads\/2024\/07\/OND09838.jpg\"><span data-alt=\"\"><\/span><\/a><\/div><div class=\"rsContent\"><a class=\"rsImg\" data-rsw=\"1920\" data-rsh=\"1281\" href=\"https:\/\/hotelalfrantoio.it\/wp-content\/uploads\/2024\/07\/OND09708.jpg\"><span data-alt=\"\"><\/span><\/a><\/div><div class=\"rsContent\"><a class=\"rsImg\" data-rsw=\"1920\" data-rsh=\"1281\" href=\"https:\/\/hotelalfrantoio.it\/wp-content\/uploads\/2024\/07\/OND09730.jpg\"><span data-alt=\"\"><\/span><\/a><\/div><\/div><img decoding=\"async\" src=\"https:\/\/hotelalfrantoio.it\/wp-content\/uploads\/2024\/07\/OND09838.jpg\" width=\"1920\" height=\"1281\" alt loading=\"lazy\"><\/div><div class=\"w-slider-json\" onclick='return {&quot;autoScaleSlider&quot;:true,&quot;addActiveClass&quot;:true,&quot;loop&quot;:true,&quot;fadeInLoadedSlide&quot;:false,&quot;slidesSpacing&quot;:0,&quot;imageScalePadding&quot;:0,&quot;numImagesToPreload&quot;:2,&quot;arrowsNav&quot;:false,&quot;arrowsNavAutoHide&quot;:false,&quot;transitionType&quot;:&quot;fade&quot;,&quot;transitionSpeed&quot;:1000,&quot;block&quot;:{&quot;moveEffect&quot;:&quot;none&quot;,&quot;speed&quot;:300},&quot;thumbs&quot;:{&quot;fitInViewport&quot;:false,&quot;firstMargin&quot;:false,&quot;spacing&quot;:4},&quot;controlNavigation&quot;:&quot;none&quot;,&quot;autoplay&quot;:{&quot;enabled&quot;:true,&quot;pauseOnHover&quot;:false,&quot;delay&quot;:3000},&quot;autoScaleSliderWidth&quot;:1920,&quot;autoScaleSliderHeight&quot;:1281}'><\/div><\/div><\/div><div class=\"l-section-overlay\" style=\"background:linear-gradient(180deg,rgba(0,0,0,0.00),rgba(0,0,0,0.20))\"><\/div><div class=\"l-section-shape type_wave pos_bottom on_front hor_flip\" style=\"height:15vmin;\"><svg xmlns=\"http:\/\/www.w3.org\/2000\/svg\" viewBox=\"0 4 64 4\" preserveAspectRatio=\"none\" width=\"100%\" height=\"100%\">\r\n\t<path fill=\"currentColor\" d=\"M64 6 C32 0 32 12 0 6 L0 8 L64 8 Z\"\/>\r\n<\/svg><\/div><div class=\"l-section-h i-cf\"><div class=\"g-cols vc_row via_grid cols_1 laptops-cols_inherit tablets-cols_inherit mobiles-cols_1 valign_bottom type_default stacking_default\"><div class=\"wpb_column vc_column_container us_custom_de366d1c us_animate_this\"><div class=\"vc_column-inner\"><div class=\"wpb_text_column us_custom_7eb390f9 has_text_color\"><div class=\"wpb_wrapper\"><p>WELLNESS BEREICH<\/p>\n<\/div><\/div><div class=\"w-image us_custom_6217dcc9 align_right\"><div class=\"w-image-h\"><img decoding=\"async\" width=\"190\" height=\"10\" src=\"https:\/\/hotelalfrantoio.it\/wp-content\/uploads\/2021\/12\/linea-oriz-bianco.svg\" class=\"attachment-full size-full\" alt=\"\" loading=\"lazy\" \/><\/div><\/div><div class=\"w-separator size_medium\"><\/div><\/div><\/div><\/div><\/div><\/section><section class=\"l-section wpb_row hide_on_default hide_on_laptops height_medium full_height valign_bottom with_slider with_shape\"><div class=\"l-section-slider\"><div class=\"w-slider style_none fit_cover nav_none count_3\"><div class=\"w-slider-h\"><div class=\"royalSlider\"><div class=\"rsContent\"><a class=\"rsImg\" data-rsw=\"1920\" data-rsh=\"1281\" href=\"https:\/\/hotelalfrantoio.it\/wp-content\/uploads\/2024\/07\/OND09838.jpg\"><span data-alt=\"\"><\/span><\/a><\/div><div class=\"rsContent\"><a class=\"rsImg\" data-rsw=\"1920\" data-rsh=\"1281\" href=\"https:\/\/hotelalfrantoio.it\/wp-content\/uploads\/2024\/07\/OND09708.jpg\"><span data-alt=\"\"><\/span><\/a><\/div><div class=\"rsContent\"><a class=\"rsImg\" data-rsw=\"1920\" data-rsh=\"1281\" href=\"https:\/\/hotelalfrantoio.it\/wp-content\/uploads\/2024\/07\/OND09730.jpg\"><span data-alt=\"\"><\/span><\/a><\/div><\/div><img decoding=\"async\" src=\"https:\/\/hotelalfrantoio.it\/wp-content\/uploads\/2024\/07\/OND09838.jpg\" width=\"1920\" height=\"1281\" alt loading=\"lazy\"><\/div><div class=\"w-slider-json\" onclick='return {&quot;autoScaleSlider&quot;:true,&quot;addActiveClass&quot;:true,&quot;loop&quot;:true,&quot;fadeInLoadedSlide&quot;:false,&quot;slidesSpacing&quot;:0,&quot;imageScalePadding&quot;:0,&quot;numImagesToPreload&quot;:2,&quot;arrowsNav&quot;:false,&quot;arrowsNavAutoHide&quot;:false,&quot;transitionType&quot;:&quot;fade&quot;,&quot;transitionSpeed&quot;:1000,&quot;block&quot;:{&quot;moveEffect&quot;:&quot;none&quot;,&quot;speed&quot;:300},&quot;thumbs&quot;:{&quot;fitInViewport&quot;:false,&quot;firstMargin&quot;:false,&quot;spacing&quot;:4},&quot;controlNavigation&quot;:&quot;none&quot;,&quot;autoplay&quot;:{&quot;enabled&quot;:true,&quot;pauseOnHover&quot;:false,&quot;delay&quot;:3000},&quot;autoScaleSliderWidth&quot;:1920,&quot;autoScaleSliderHeight&quot;:1281}'><\/div><\/div><\/div><div class=\"l-section-overlay\" style=\"background:rgba(0,0,0,0.20)\"><\/div><div class=\"l-section-shape type_wave pos_bottom\" style=\"height:5vh;\"><svg xmlns=\"http:\/\/www.w3.org\/2000\/svg\" viewBox=\"0 4 64 4\" preserveAspectRatio=\"none\" width=\"100%\" height=\"100%\">\r\n\t<path fill=\"currentColor\" d=\"M64 6 C32 0 32 12 0 6 L0 8 L64 8 Z\"\/>\r\n<\/svg><\/div><div class=\"l-section-h i-cf\"><div class=\"g-cols vc_row via_grid cols_1 laptops-cols_inherit tablets-cols_inherit mobiles-cols_1 valign_bottom type_default stacking_default\"><div class=\"wpb_column vc_column_container us_custom_de366d1c us_animate_this\"><div class=\"vc_column-inner\"><div class=\"wpb_text_column us_custom_7eb390f9 has_text_color\"><div class=\"wpb_wrapper\"><p>WELLNESS BEREICH<\/p>\n<\/div><\/div><div class=\"w-image us_custom_6217dcc9 i50 align_right\"><div class=\"w-image-h\"><img decoding=\"async\" width=\"190\" height=\"10\" src=\"https:\/\/hotelalfrantoio.it\/wp-content\/uploads\/2021\/12\/linea-oriz-bianco.svg\" class=\"attachment-full size-full\" alt=\"\" loading=\"lazy\" \/><\/div><\/div><\/div><\/div><\/div><\/div><\/section><section class=\"l-section wpb_row height_medium\"><div class=\"l-section-h i-cf\"><div class=\"g-cols vc_row via_grid cols_1 laptops-cols_inherit tablets-cols_inherit mobiles-cols_1 valign_top type_default stacking_default\"><div class=\"wpb_column vc_column_container\"><div class=\"vc_column-inner\"><div class=\"g-cols wpb_row us_custom_277718da via_grid cols_1 laptops-cols_inherit tablets-cols_inherit mobiles-cols_1 valign_top type_default stacking_default\" style=\"--columns-gap:3rem;\"><div class=\"wpb_column vc_column_container\"><div class=\"vc_column-inner\"><div class=\"wpb_text_column\"><div class=\"wpb_wrapper\"><h1>Hotel mit <span class=\"giallo\">Wellness-Bereich<\/span> in Arco<\/h1>\n<\/div><\/div><div class=\"wpb_text_column\"><div class=\"wpb_wrapper\"><h3>FIT&amp; FAMILY 3-STERNE HOTEL MIT ZIMMER UND FERIENWOHNUNGEN, AUF HALBER STRECKE ZWISCHEN DEM ZENTRUM VON ARCO UND RIVA DEL GARDA.<\/h3>\n<\/div><\/div><\/div><\/div><\/div><div class=\"w-separator size_medium\"><\/div><div class=\"g-cols wpb_row hide_on_tablets hide_on_mobiles via_grid cols_1-3 laptops-cols_inherit tablets-cols_inherit mobiles-cols_1 valign_top type_default stacking_default\" style=\"--columns-gap:3rem;\"><div class=\"wpb_column vc_column_container\"><div class=\"vc_column-inner\"><div class=\"w-separator size_custom with_line width_default thick_2 style_solid color_primary align_center\" style=\"height:10px\"><div class=\"w-separator-h\"><\/div><\/div><\/div><\/div><div class=\"wpb_column vc_column_container\"><div class=\"vc_column-inner\"><div class=\"wpb_text_column us_custom_432d3f53\"><div class=\"wpb_wrapper\"><p>Vergessen Sie Ihre Sorgen und entspannen Sie sich in unserem Wellnessbereich.<br \/>\nDas Aparthotel Frantoio verf\u00fcgt \u00fcber 2 Wellnessbereiche: einen <strong>Au\u00dfenbereich<\/strong> mit Whirlpool und Infrarotsauna mit Salzwand und Farbtherapie.<br \/>\nEin <strong>Entspannungsbereich im Innenbereich<\/strong> mit beheizten Wasserbetten, Salzwand und Farbtherapie sowie Tee und Gesundheitstee stehen Ihnen zur Verf\u00fcgung.<\/p>\n<p>Unsere Wellnessbereiche sind f\u00fcr unsere G\u00e4ste <strong>kostenlos<\/strong> nutzbar (Reservierungsbereich f\u00fcr Erwachsene).<\/p>\n<\/div><\/div><div class=\"w-separator size_small\"><\/div><\/div><\/div><\/div><div class=\"g-cols wpb_row hide_on_default hide_on_laptops via_grid cols_1 laptops-cols_inherit tablets-cols_inherit mobiles-cols_1 valign_top type_default stacking_default\" style=\"--columns-gap:3rem;\"><div class=\"wpb_column vc_column_container\"><div class=\"vc_column-inner\"><div class=\"wpb_text_column us_custom_432d3f53\"><div class=\"wpb_wrapper\"><p>Vergessen Sie Ihre Sorgen und entspannen Sie sich in unserem Wellnessbereich.<br \/>\nDas Aparthotel Frantoio verf\u00fcgt \u00fcber 2 Wellnessbereiche: einen <strong>Au\u00dfenbereich<\/strong> mit Whirlpool und Infrarotsauna mit Salzwand und Farbtherapie.<br \/>\nEin <strong>Entspannungsbereich im Innenbereich<\/strong> mit beheizten Wasserbetten, Salzwand und Farbtherapie sowie Tee und Gesundheitstee stehen Ihnen zur Verf\u00fcgung.<\/p>\n<p>Unsere Wellnessbereiche sind f\u00fcr unsere G\u00e4ste <strong>kostenlos<\/strong> nutzbar (Reservierungsbereich f\u00fcr Erwachsene).<\/p>\n<\/div><\/div><div class=\"w-separator size_small\"><\/div><\/div><\/div><\/div><\/div><\/div><\/div><\/div><\/section><section class=\"l-section wpb_row us_custom_60e9caca us_animate_this height_medium\"><div class=\"l-section-h i-cf\"><div class=\"g-cols vc_row via_grid cols_1 laptops-cols_inherit tablets-cols_inherit mobiles-cols_1 valign_top type_default stacking_default\"><div class=\"wpb_column vc_column_container\"><div class=\"vc_column-inner\">[vc_raw_html]JTVCbW9kdWxhJTIwaWQlM0QlMjIzNzclMjIlNUQ=[\/vc_raw_html]<\/div><\/div><\/div><\/div><\/section><section class=\"l-section wpb_row us_custom_f4c48573 height_medium\"><div class=\"l-section-h i-cf\"><div class=\"g-cols vc_row via_grid cols_1 laptops-cols_inherit tablets-cols_inherit mobiles-cols_1 valign_top type_default stacking_default\"><div class=\"wpb_column vc_column_container\"><div class=\"vc_column-inner\"><div class=\"wpb_text_column\"><div class=\"wpb_wrapper\"><h2><span class=\"giallo\">Salzwasserpool<\/span> und Whirlpool<\/h2>\n<\/div><\/div><div class=\"w-separator size_small with_line width_50 thick_3 style_solid color_primary align_left\"><div class=\"w-separator-h\"><\/div><\/div><div class=\"g-cols wpb_row via_grid cols_1-3 laptops-cols_inherit tablets-cols_inherit mobiles-cols_1 valign_top type_default stacking_default\" style=\"--columns-gap:3rem;\"><div class=\"wpb_column vc_column_container\"><div class=\"vc_column-inner\"><\/div><\/div><div class=\"wpb_column vc_column_container\"><div class=\"vc_column-inner\"><div class=\"wpb_text_column us_custom_432d3f53\"><div class=\"wpb_wrapper\"><p>Nehmen Sie sich w\u00e4hrend Ihres Aufenthalts Zeit um sich zu br\u00e4unen und endlich ein Buch zu lesen (im Hotel haben wir eine kleine \u201ewandernde\u201c Bibliothek)<\/p>\n<p>Welche bessere Gelegenheit? Holen Sie sich ein Liegestuhl und machen Sie es sich bequem. Falls es zu warm wird\u2026machen Sie einen Sprung ins Wasser!<\/p>\n<p>Unser Schwimmbad ist mit Salzwasser gef\u00fcllt und in einer Ecke gibt es auch Unterwasserd\u00fcsen. Abends ist es mit leds beleuchtet, f\u00fcr die Farbtherapie.<\/p>\n<\/div><\/div><\/div><\/div><\/div><\/div><\/div><\/div><\/div><\/section><section class=\"l-section wpb_row us_custom_c639b9c4 us_animate_this height_small\"><div class=\"l-section-h i-cf\"><div class=\"g-cols vc_row via_grid cols_1 laptops-cols_inherit tablets-cols_inherit mobiles-cols_1 valign_top type_default stacking_default\"><div class=\"wpb_column vc_column_container\"><div class=\"vc_column-inner\">[vc_raw_html]JTVCbW9kdWxhJTIwaWQlM0QlMjIzODMlMjIlNUQ=[\/vc_raw_html]<\/div><\/div><\/div><\/div><\/section>\n","protected":false},"excerpt":{"rendered":"WELLNESS BEREICH WELLNESS BEREICH Hotel mit Wellness-Bereich in Arco FIT&amp; FAMILY 3-STERNE HOTEL MIT ZIMMER UND FERIENWOHNUNGEN, AUF HALBER STRECKE ZWISCHEN DEM ZENTRUM VON ARCO UND RIVA DEL GARDA. Vergessen Sie Ihre Sorgen und entspannen Sie sich in unserem Wellnessbereich. Das Aparthotel Frantoio verf\u00fcgt \u00fcber 2 Wellnessbereiche: einen Au\u00dfenbereich mit Whirlpool und Infrarotsauna mit Salzwand...","protected":false},"author":1,"featured_media":0,"parent":0,"menu_order":0,"comment_status":"closed","ping_status":"closed","template":"","meta":{"_acf_changed":false,"inline_featured_image":false,"footnotes":""},"class_list":["post-1155","page","type-page","status-publish","hentry"],"acf":[],"yoast_head":"<!-- This site is optimized with the Yoast SEO plugin v27.5 - https:\/\/yoast.com\/product\/yoast-seo-wordpress\/ -->\n<title>Apart-Hotel mit Spa und Garten in Arco di Trento - Al Frantoio<\/title>\n<meta name=\"description\" content=\"Al Frantoio Hotel und Ferienwohnungen mit Schwimmbad und Wellnessbereich in Arco di Trento, nur 5 Minuten von Riva del Garda entfernt.\" \/>\n<meta name=\"robots\" content=\"index, follow, max-snippet:-1, max-image-preview:large, max-video-preview:-1\" \/>\n<link rel=\"canonical\" href=\"https:\/\/hotelalfrantoio.it\/de\/bereich-wellness\/\" \/>\n<meta property=\"og:locale\" content=\"de_DE\" \/>\n<meta property=\"og:type\" content=\"article\" \/>\n<meta property=\"og:title\" content=\"Apart-Hotel mit Spa und Garten in Arco di Trento - Al Frantoio\" \/>\n<meta property=\"og:description\" content=\"Al Frantoio Hotel und Ferienwohnungen mit Schwimmbad und Wellnessbereich in Arco di Trento, nur 5 Minuten von Riva del Garda entfernt.\" \/>\n<meta property=\"og:url\" content=\"https:\/\/hotelalfrantoio.it\/de\/bereich-wellness\/\" \/>\n<meta property=\"og:site_name\" content=\"Hotel Al Frantoio Arco di Trento\" \/>\n<meta property=\"article:publisher\" content=\"https:\/\/www.facebook.com\/hotelgarnialfrantoio\" \/>\n<meta property=\"article:modified_time\" content=\"2025-05-13T07:27:02+00:00\" \/>\n<meta name=\"twitter:card\" content=\"summary_large_image\" \/>\n<meta name=\"twitter:label1\" content=\"Gesch\u00e4tzte Lesezeit\" \/>\n\t<meta name=\"twitter:data1\" content=\"2 minutes\" \/>\n<script type=\"application\/ld+json\" class=\"yoast-schema-graph\">{\"@context\":\"https:\\\/\\\/schema.org\",\"@graph\":[{\"@type\":\"WebPage\",\"@id\":\"https:\\\/\\\/hotelalfrantoio.it\\\/de\\\/bereich-wellness\\\/\",\"url\":\"https:\\\/\\\/hotelalfrantoio.it\\\/de\\\/bereich-wellness\\\/\",\"name\":\"Apart-Hotel mit Spa und Garten in Arco di Trento - Al Frantoio\",\"isPartOf\":{\"@id\":\"https:\\\/\\\/garnialfrantoio.it\\\/#website\"},\"datePublished\":\"2021-11-26T14:10:36+00:00\",\"dateModified\":\"2025-05-13T07:27:02+00:00\",\"description\":\"Al Frantoio Hotel und Ferienwohnungen mit Schwimmbad und Wellnessbereich in Arco di Trento, nur 5 Minuten von Riva del Garda entfernt.\",\"breadcrumb\":{\"@id\":\"https:\\\/\\\/hotelalfrantoio.it\\\/de\\\/bereich-wellness\\\/#breadcrumb\"},\"inLanguage\":\"de-DE\",\"potentialAction\":[{\"@type\":\"ReadAction\",\"target\":[\"https:\\\/\\\/hotelalfrantoio.it\\\/de\\\/bereich-wellness\\\/\"]}]},{\"@type\":\"BreadcrumbList\",\"@id\":\"https:\\\/\\\/hotelalfrantoio.it\\\/de\\\/bereich-wellness\\\/#breadcrumb\",\"itemListElement\":[{\"@type\":\"ListItem\",\"position\":1,\"name\":\"Home\",\"item\":\"https:\\\/\\\/hotelalfrantoio.it\\\/de\\\/\"},{\"@type\":\"ListItem\",\"position\":2,\"name\":\"Bereich Wellness\"}]},{\"@type\":\"WebSite\",\"@id\":\"https:\\\/\\\/garnialfrantoio.it\\\/#website\",\"url\":\"https:\\\/\\\/garnialfrantoio.it\\\/\",\"name\":\"Hotel Al Frantoio Arco di Trento\",\"description\":\"Hotel Al Frantoio Arco di Trento\",\"publisher\":{\"@id\":\"https:\\\/\\\/garnialfrantoio.it\\\/#organization\"},\"potentialAction\":[{\"@type\":\"SearchAction\",\"target\":{\"@type\":\"EntryPoint\",\"urlTemplate\":\"https:\\\/\\\/garnialfrantoio.it\\\/?s={search_term_string}\"},\"query-input\":{\"@type\":\"PropertyValueSpecification\",\"valueRequired\":true,\"valueName\":\"search_term_string\"}}],\"inLanguage\":\"de-DE\"},{\"@type\":\"Organization\",\"@id\":\"https:\\\/\\\/garnialfrantoio.it\\\/#organization\",\"name\":\"Hotel Al Frantoio Arco di Trento\",\"url\":\"https:\\\/\\\/garnialfrantoio.it\\\/\",\"logo\":{\"@type\":\"ImageObject\",\"inLanguage\":\"de-DE\",\"@id\":\"https:\\\/\\\/garnialfrantoio.it\\\/#\\\/schema\\\/logo\\\/image\\\/\",\"url\":\"https:\\\/\\\/hotelalfrantoio.it\\\/wp-content\\\/uploads\\\/2021\\\/11\\\/logo-footer-1.svg\",\"contentUrl\":\"https:\\\/\\\/hotelalfrantoio.it\\\/wp-content\\\/uploads\\\/2021\\\/11\\\/logo-footer-1.svg\",\"width\":\"1024\",\"height\":\"1024\",\"caption\":\"Hotel Al Frantoio Arco di Trento\"},\"image\":{\"@id\":\"https:\\\/\\\/garnialfrantoio.it\\\/#\\\/schema\\\/logo\\\/image\\\/\"},\"sameAs\":[\"https:\\\/\\\/www.facebook.com\\\/hotelgarnialfrantoio\",\"https:\\\/\\\/www.instagram.com\\\/hotelgarnialfrantoio\\\/\"]}]}<\/script>\n<!-- \/ Yoast SEO plugin. -->","yoast_head_json":{"title":"Apart-Hotel mit Spa und Garten in Arco di Trento - Al Frantoio","description":"Al Frantoio Hotel und Ferienwohnungen mit Schwimmbad und Wellnessbereich in Arco di Trento, nur 5 Minuten von Riva del Garda entfernt.","robots":{"index":"index","follow":"follow","max-snippet":"max-snippet:-1","max-image-preview":"max-image-preview:large","max-video-preview":"max-video-preview:-1"},"canonical":"https:\/\/hotelalfrantoio.it\/de\/bereich-wellness\/","og_locale":"de_DE","og_type":"article","og_title":"Apart-Hotel mit Spa und Garten in Arco di Trento - Al Frantoio","og_description":"Al Frantoio Hotel und Ferienwohnungen mit Schwimmbad und Wellnessbereich in Arco di Trento, nur 5 Minuten von Riva del Garda entfernt.","og_url":"https:\/\/hotelalfrantoio.it\/de\/bereich-wellness\/","og_site_name":"Hotel Al Frantoio Arco di Trento","article_publisher":"https:\/\/www.facebook.com\/hotelgarnialfrantoio","article_modified_time":"2025-05-13T07:27:02+00:00","twitter_card":"summary_large_image","twitter_misc":{"Gesch\u00e4tzte Lesezeit":"2 minutes"},"schema":{"@context":"https:\/\/schema.org","@graph":[{"@type":"WebPage","@id":"https:\/\/hotelalfrantoio.it\/de\/bereich-wellness\/","url":"https:\/\/hotelalfrantoio.it\/de\/bereich-wellness\/","name":"Apart-Hotel mit Spa und Garten in Arco di Trento - Al Frantoio","isPartOf":{"@id":"https:\/\/garnialfrantoio.it\/#website"},"datePublished":"2021-11-26T14:10:36+00:00","dateModified":"2025-05-13T07:27:02+00:00","description":"Al Frantoio Hotel und Ferienwohnungen mit Schwimmbad und Wellnessbereich in Arco di Trento, nur 5 Minuten von Riva del Garda entfernt.","breadcrumb":{"@id":"https:\/\/hotelalfrantoio.it\/de\/bereich-wellness\/#breadcrumb"},"inLanguage":"de-DE","potentialAction":[{"@type":"ReadAction","target":["https:\/\/hotelalfrantoio.it\/de\/bereich-wellness\/"]}]},{"@type":"BreadcrumbList","@id":"https:\/\/hotelalfrantoio.it\/de\/bereich-wellness\/#breadcrumb","itemListElement":[{"@type":"ListItem","position":1,"name":"Home","item":"https:\/\/hotelalfrantoio.it\/de\/"},{"@type":"ListItem","position":2,"name":"Bereich Wellness"}]},{"@type":"WebSite","@id":"https:\/\/garnialfrantoio.it\/#website","url":"https:\/\/garnialfrantoio.it\/","name":"Hotel Al Frantoio Arco di Trento","description":"Hotel Al Frantoio Arco di Trento","publisher":{"@id":"https:\/\/garnialfrantoio.it\/#organization"},"potentialAction":[{"@type":"SearchAction","target":{"@type":"EntryPoint","urlTemplate":"https:\/\/garnialfrantoio.it\/?s={search_term_string}"},"query-input":{"@type":"PropertyValueSpecification","valueRequired":true,"valueName":"search_term_string"}}],"inLanguage":"de-DE"},{"@type":"Organization","@id":"https:\/\/garnialfrantoio.it\/#organization","name":"Hotel Al Frantoio Arco di Trento","url":"https:\/\/garnialfrantoio.it\/","logo":{"@type":"ImageObject","inLanguage":"de-DE","@id":"https:\/\/garnialfrantoio.it\/#\/schema\/logo\/image\/","url":"https:\/\/hotelalfrantoio.it\/wp-content\/uploads\/2021\/11\/logo-footer-1.svg","contentUrl":"https:\/\/hotelalfrantoio.it\/wp-content\/uploads\/2021\/11\/logo-footer-1.svg","width":"1024","height":"1024","caption":"Hotel Al Frantoio Arco di Trento"},"image":{"@id":"https:\/\/garnialfrantoio.it\/#\/schema\/logo\/image\/"},"sameAs":["https:\/\/www.facebook.com\/hotelgarnialfrantoio","https:\/\/www.instagram.com\/hotelgarnialfrantoio\/"]}]}},"_links":{"self":[{"href":"https:\/\/hotelalfrantoio.it\/de\/wp-json\/wp\/v2\/pages\/1155","targetHints":{"allow":["GET"]}}],"collection":[{"href":"https:\/\/hotelalfrantoio.it\/de\/wp-json\/wp\/v2\/pages"}],"about":[{"href":"https:\/\/hotelalfrantoio.it\/de\/wp-json\/wp\/v2\/types\/page"}],"author":[{"embeddable":true,"href":"https:\/\/hotelalfrantoio.it\/de\/wp-json\/wp\/v2\/users\/1"}],"replies":[{"embeddable":true,"href":"https:\/\/hotelalfrantoio.it\/de\/wp-json\/wp\/v2\/comments?post=1155"}],"version-history":[{"count":19,"href":"https:\/\/hotelalfrantoio.it\/de\/wp-json\/wp\/v2\/pages\/1155\/revisions"}],"predecessor-version":[{"id":2903,"href":"https:\/\/hotelalfrantoio.it\/de\/wp-json\/wp\/v2\/pages\/1155\/revisions\/2903"}],"wp:attachment":[{"href":"https:\/\/hotelalfrantoio.it\/de\/wp-json\/wp\/v2\/media?parent=1155"}],"curies":[{"name":"wp","href":"https:\/\/api.w.org\/{rel}","templated":true}]}}